    {"id":74,"date":"2025-11-07T20:29:41","date_gmt":"2025-11-07T20:29:41","guid":{"rendered":"https:\/\/xpandthevat.com\/?page_id=74"},"modified":"2026-01-18T19:22:41","modified_gmt":"2026-01-18T19:22:41","slug":"contact","status":"publish","type":"page","link":"https:\/\/xpandthevat.com\/pt\/contact\/","title":{"rendered":"Contato"},"content":{"rendered":"<p>Obrigado pela sua visita. <strong>Expanda o Vaso<\/strong>, sua plataforma confi\u00e1vel para insights de neg\u00f3cios, finan\u00e7as e inova\u00e7\u00e3o inteligente. Valorizamos muito suas mensagens e estamos aqui para conectar, colaborar e apoiar voc\u00ea com quaisquer d\u00favidas ou ideias que possa ter.<\/p>\n\n\n\n<p><strong>Consultas gerais<\/strong><br>Tem alguma d\u00favida sobre <strong>Expanda o Vaso<\/strong> Ou simplesmente deseja entrar em contato?<br>Envie-nos um e-mail para <strong>contact@xpandthevat.com<\/strong><br>Adoramos receber not\u00edcias de nossos leitores e parceiros e entraremos em contato o mais breve poss\u00edvel.<\/p>\n\n\n\n<p><strong>Sugest\u00f5es e contribui\u00e7\u00f5es de conte\u00fado<\/strong><br>Tem uma ideia para um novo artigo? Gostaria de compartilhar sua experi\u00eancia em finan\u00e7as ou sugerir um t\u00f3pico relacionado a neg\u00f3cios, empreendedorismo ou inova\u00e7\u00e3o?<br>Entre em contato com <strong>contact@xpandthevat.com<\/strong><br>Estamos sempre abertos a novas perspectivas e ideias valiosas que ajudem profissionais e leitores a se manterem informados e inspirados.<\/p>\n\n\n\n<p><strong>Suporte t\u00e9cnico<\/strong><br>Se voc\u00ea estiver enfrentando algum problema com nosso site ou precisar de ajuda para acessar nosso conte\u00fado, n\u00e3o hesite em entrar em contato. <strong>contact@xpandthevat.com<\/strong><br>Estamos aqui para garantir a sua experi\u00eancia com <strong>Expanda o Vaso<\/strong> \u00c9 suave, eficiente e confi\u00e1vel.<\/p>\n\n\n\n<p><strong>Mantenha-se conectado<\/strong><br><strong>Expanda o Vaso<\/strong> \u00e9 uma plataforma digital criada para profissionais de neg\u00f3cios e mentes curiosas do mundo todo. Embora n\u00e3o tenhamos um escrit\u00f3rio f\u00edsico, estamos sempre online \u2014 prontos para ouvir, apoiar e crescer com a nossa comunidade.<\/p>\n\n\n\n<p>Obrigado por fazer parte da <strong>Expanda o Vaso<\/strong> rede. Aguardamos seu contato!<\/p>\n\n\n\n<p>Atenciosamente,<br><strong>A equipe XpandTheVat<\/strong><\/p>","protected":false},"excerpt":{"rendered":"<p>Thank you for visiting XpandTheVat, your trusted platform for business insights, finance, and smart innovation. We truly value your messages and are here to connect, collaborate, and support you with any questions or ideas you may have. General InquiriesHave a question about XpandTheVat or simply want to reach out?Email us at contact@xpandthevat.comWe enjoy hearing from [&hellip;]<\/p>","protected":false},"author":50,"featured_media":0,"parent":0,"menu_order":0,"comment_status":"closed","ping_status":"closed","template":"","meta":{"footnotes":""},"_links":{"self":[{"href":"https:\/\/xpandthevat.com\/pt\/wp-json\/wp\/v2\/pages\/74"}],"collection":[{"href":"https:\/\/xpandthevat.com\/pt\/wp-json\/wp\/v2\/pages"}],"about":[{"href":"https:\/\/xpandthevat.com\/pt\/wp-json\/wp\/v2\/types\/page"}],"author":[{"embeddable":true,"href":"https:\/\/xpandthevat.com\/pt\/wp-json\/wp\/v2\/users\/50"}],"replies":[{"embeddable":true,"href":"https:\/\/xpandthevat.com\/pt\/wp-json\/wp\/v2\/comments?post=74"}],"version-history":[{"count":4,"href":"https:\/\/xpandthevat.com\/pt\/wp-json\/wp\/v2\/pages\/74\/revisions"}],"predecessor-version":[{"id":601,"href":"https:\/\/xpandthevat.com\/pt\/wp-json\/wp\/v2\/pages\/74\/revisions\/601"}],"wp:attachment":[{"href":"https:\/\/xpandthevat.com\/pt\/wp-json\/wp\/v2\/media?parent=74"}],"curies":[{"name":"wp","href":"https:\/\/api.w.org\/{rel}","templated":true}]}}