    {"id":72,"date":"2025-11-07T20:29:18","date_gmt":"2025-11-07T20:29:18","guid":{"rendered":"https:\/\/xpandthevat.com\/?page_id=72"},"modified":"2026-03-25T18:15:24","modified_gmt":"2026-03-25T18:15:24","slug":"about-us","status":"publish","type":"page","link":"https:\/\/xpandthevat.com\/pt\/about-us\/","title":{"rendered":"Sobre n\u00f3s"},"content":{"rendered":"<p>Bem-vindo(a) ao <strong>Expanda o Vaso<\/strong>, seu centro de confian\u00e7a para insights de neg\u00f3cios, inova\u00e7\u00e3o financeira e estrat\u00e9gias de crescimento inteligente. Seja voc\u00ea um empreendedor, investidor ou profissional buscando se manter \u00e0 frente das tend\u00eancias econ\u00f4micas, <strong>Expanda o Vaso<\/strong> Est\u00e1 aqui para gui\u00e1-lo com clareza e prop\u00f3sito.<\/p>\n\n\n\n<p><strong>O que nos motiva<\/strong><br>No <strong>Expanda o Vaso<\/strong>Acreditamos que o conhecimento financeiro e a intelig\u00eancia de neg\u00f3cios devem ser pr\u00e1ticos, acess\u00edveis e capacitadores. Nossa miss\u00e3o \u00e9 compartilhar conte\u00fado claro, baseado em dados e acion\u00e1vel, que ajude os leitores a tomar decis\u00f5es informadas na din\u00e2mica economia atual. Nosso foco vai al\u00e9m dos n\u00fameros \u2014 exploramos estrat\u00e9gia, oportunidade e progresso.<\/p>\n\n\n\n<p><strong>Quem somos n\u00f3s<\/strong><br>Somos uma equipe de redatores, analistas e entusiastas de neg\u00f3cios apaixonados por transformar conceitos complexos de mercado em insights simples e valiosos. <strong>Expanda o Vaso<\/strong> Foi criada para preencher a lacuna entre informa\u00e7\u00e3o e a\u00e7\u00e3o, fornecendo conte\u00fado relevante e de alta qualidade sobre finan\u00e7as, empreendedorismo, tributa\u00e7\u00e3o e inova\u00e7\u00e3o. Nosso objetivo \u00e9 ajudar os leitores n\u00e3o apenas a entender a mudan\u00e7a, mas tamb\u00e9m a navegar por ela com confian\u00e7a.<\/p>\n\n\n\n<p>Aqui, voc\u00ea n\u00e3o \u00e9 apenas um visitante \u2014 voc\u00ea faz parte de uma comunidade global em crescimento que valoriza o conhecimento, o progresso e a colabora\u00e7\u00e3o.<\/p>\n\n\n\n<p><strong>Envolva-se<\/strong><br>Tem alguma sugest\u00e3o de tema ou ideia para um artigo? Gostaria de compartilhar sua experi\u00eancia ou contribuir com nosso conte\u00fado? Adorar\u00edamos ouvir voc\u00ea.<br>No <strong>Expanda o Vaso<\/strong>Sua contribui\u00e7\u00e3o ajuda a moldar as discuss\u00f5es que impulsionam um pensamento empresarial mais inteligente e a inova\u00e7\u00e3o.<\/p>\n\n\n\n<p>Vamos expandir os limites do poss\u00edvel \u2014 uma ideia, uma percep\u00e7\u00e3o, uma conquista de cada vez.<\/p>\n\n\n\n<p><\/p>","protected":false},"excerpt":{"rendered":"<p>Welcome to XpandTheVat, your trusted hub for business insights, financial innovation, and smart growth strategies. Whether you\u2019re an entrepreneur, investor, or professional looking to stay ahead of economic trends, XpandTheVat is here to guide you with clarity and purpose. What drives usAt XpandTheVat, we believe that financial knowledge and business intelligence should be practical, accessible, [&hellip;]<\/p>","protected":false},"author":50,"featured_media":0,"parent":0,"menu_order":0,"comment_status":"closed","ping_status":"closed","template":"","meta":{"footnotes":""},"_links":{"self":[{"href":"https:\/\/xpandthevat.com\/pt\/wp-json\/wp\/v2\/pages\/72"}],"collection":[{"href":"https:\/\/xpandthevat.com\/pt\/wp-json\/wp\/v2\/pages"}],"about":[{"href":"https:\/\/xpandthevat.com\/pt\/wp-json\/wp\/v2\/types\/page"}],"author":[{"embeddable":true,"href":"https:\/\/xpandthevat.com\/pt\/wp-json\/wp\/v2\/users\/50"}],"replies":[{"embeddable":true,"href":"https:\/\/xpandthevat.com\/pt\/wp-json\/wp\/v2\/comments?post=72"}],"version-history":[{"count":4,"href":"https:\/\/xpandthevat.com\/pt\/wp-json\/wp\/v2\/pages\/72\/revisions"}],"predecessor-version":[{"id":1173,"href":"https:\/\/xpandthevat.com\/pt\/wp-json\/wp\/v2\/pages\/72\/revisions\/1173"}],"wp:attachment":[{"href":"https:\/\/xpandthevat.com\/pt\/wp-json\/wp\/v2\/media?parent=72"}],"curies":[{"name":"wp","href":"https:\/\/api.w.org\/{rel}","templated":true}]}}