    {"id":66,"date":"2025-11-07T20:27:49","date_gmt":"2025-11-07T20:27:49","guid":{"rendered":"https:\/\/xpandthevat.com\/?page_id=66"},"modified":"2026-01-03T16:01:59","modified_gmt":"2026-01-03T16:01:59","slug":"privacy-policy","status":"publish","type":"page","link":"https:\/\/xpandthevat.com\/pt\/privacy-policy\/","title":{"rendered":"pol\u00edtica de Privacidade"},"content":{"rendered":"<p>Sua privacidade \u00e9 importante para n\u00f3s.\u00a0<strong>de xpandthevat<\/strong>\u00a0Nossa pol\u00edtica \u00e9 respeitar sua privacidade em rela\u00e7\u00e3o a qualquer informa\u00e7\u00e3o que possamos coletar de voc\u00ea em nosso site, xpandthevat, e em outros sites que possu\u00edmos e operamos.<\/p>\n\n\n\n<p>S\u00f3 solicitamos informa\u00e7\u00f5es pessoais quando realmente precisamos delas para lhe prestar um servi\u00e7o. Recolhemos essas informa\u00e7\u00f5es de forma justa e legal, com o seu conhecimento e consentimento. Tamb\u00e9m informamos o motivo da recolha e como as informa\u00e7\u00f5es ser\u00e3o utilizadas.<\/p>\n\n\n\n<p>Conservamos as informa\u00e7\u00f5es coletadas apenas pelo tempo necess\u00e1rio para fornecer o servi\u00e7o solicitado. Os dados armazenados s\u00e3o protegidos por meios comercialmente aceit\u00e1veis para evitar perda, roubo, acesso n\u00e3o autorizado, divulga\u00e7\u00e3o, c\u00f3pia, uso ou modifica\u00e7\u00e3o.<\/p>\n\n\n\n<p>N\u00e3o compartilhamos informa\u00e7\u00f5es de identifica\u00e7\u00e3o pessoal publicamente ou com terceiros, exceto quando exigido por lei.<\/p>\n\n\n\n<p>Nosso site pode conter links para sites externos que n\u00e3o s\u00e3o operados por n\u00f3s. Observe que n\u00e3o temos controle sobre o conte\u00fado e as pr\u00e1ticas desses sites e n\u00e3o podemos aceitar responsabilidade por suas respectivas pol\u00edticas de privacidade.<\/p>\n\n\n\n<p>Voc\u00ea tem o direito de recusar nossa solicita\u00e7\u00e3o de suas informa\u00e7\u00f5es pessoais, ciente de que, nesse caso, talvez n\u00e3o possamos fornecer alguns dos servi\u00e7os desejados.<\/p>\n\n\n\n<p>Ao continuar a utilizar o nosso website, estar\u00e1 a aceitar as nossas pr\u00e1ticas relativas \u00e0 privacidade e aos dados pessoais. Se tiver alguma d\u00favida sobre como tratamos os dados dos utilizadores e os dados pessoais, n\u00e3o hesite em contactar-nos.<\/p>\n\n\n\n<h2 class=\"wp-block-heading\"><strong>Pol\u00edtica de Cookies<\/strong>&nbsp;para&nbsp;<strong>xpandthevat<\/strong><\/h2>\n\n\n\n<p>Esta \u00e9 a Pol\u00edtica de Cookies para&nbsp;<strong>xpandthevat<\/strong>, acess\u00edvel a partir do URL<\/p>\n\n\n\n<h3 class=\"wp-block-heading\">O que s\u00e3o cookies?<\/h3>\n\n\n\n<p>Como \u00e9 pr\u00e1tica comum em quase todos os sites profissionais, este site utiliza cookies, que s\u00e3o pequenos arquivos baixados para o seu computador, para melhorar a sua experi\u00eancia. Esta p\u00e1gina descreve quais informa\u00e7\u00f5es s\u00e3o coletadas, como as utilizamos e por que \u00e0s vezes precisamos armazenar esses cookies. Tamb\u00e9m explicaremos como voc\u00ea pode impedir que esses cookies sejam armazenados, embora isso possa degradar ou &quot;quebrar&quot; certas funcionalidades do site.<\/p>\n\n\n\n<h3 class=\"wp-block-heading\">Como usamos cookies<\/h3>\n\n\n\n<p>Utilizamos cookies por diversos motivos, detalhados abaixo. Infelizmente, na maioria dos casos, n\u00e3o existem op\u00e7\u00f5es padr\u00e3o do setor para desativar os cookies sem comprometer completamente as funcionalidades e os recursos que eles adicionam a este site. Recomenda-se que voc\u00ea mantenha todos os cookies ativados caso n\u00e3o tenha certeza se precisa deles ou n\u00e3o, pois eles podem ser usados para fornecer um servi\u00e7o que voc\u00ea utiliza.<\/p>\n\n\n\n<h3 class=\"wp-block-heading\">Desativar cookies<\/h3>\n\n\n\n<p>Voc\u00ea pode impedir a configura\u00e7\u00e3o de cookies ajustando as configura\u00e7\u00f5es do seu navegador (consulte a Ajuda do seu navegador para saber como fazer isso). Esteja ciente de que desativar os cookies afetar\u00e1 a funcionalidade deste e de muitos outros sites que voc\u00ea visita. Desativar os cookies geralmente tamb\u00e9m resulta na desativa\u00e7\u00e3o de certas funcionalidades e recursos deste site. Portanto, recomenda-se que voc\u00ea n\u00e3o desative os cookies.<\/p>\n\n\n\n<h3 class=\"wp-block-heading\">Os Cookies que Definimos<\/h3>\n\n\n\n<ul>\n<li>Cookies relacionados \u00e0 conta<br>Ao criar uma conta conosco, utilizaremos cookies para gerenciar o processo de cadastro e a administra\u00e7\u00e3o geral. Esses cookies geralmente s\u00e3o exclu\u00eddos ao sair da conta, por\u00e9m, em alguns casos, podem permanecer para lembrar suas prefer\u00eancias mesmo ap\u00f3s o logout.<\/li>\n\n\n\n<li>Cookies relacionados ao login<br>Usamos cookies quando voc\u00ea est\u00e1 conectado para que possamos lembrar disso. Isso evita que voc\u00ea precise fazer login sempre que visitar uma nova p\u00e1gina. Esses cookies geralmente s\u00e3o removidos ou apagados quando voc\u00ea faz logout para garantir que voc\u00ea s\u00f3 possa acessar recursos e \u00e1reas restritas quando estiver conectado.<\/li>\n\n\n\n<li>Cookies relacionados a newsletters por e-mail<br><br>Este site oferece servi\u00e7os de assinatura de newsletter ou e-mail e cookies podem ser usados para lembrar se voc\u00ea j\u00e1 est\u00e1 cadastrado e se deve exibir certas notifica\u00e7\u00f5es que podem ser v\u00e1lidas apenas para usu\u00e1rios inscritos\/n\u00e3o inscritos.<\/li>\n\n\n\n<li>Cookies relacionados ao processamento de pedidos<br>Este site oferece servi\u00e7os de com\u00e9rcio eletr\u00f4nico ou de pagamento, e alguns cookies s\u00e3o essenciais para garantir que seu pedido seja lembrado entre as p\u00e1ginas, para que possamos process\u00e1-lo corretamente.<\/li>\n\n\n\n<li>Cookies relacionados a pesquisas<br>De tempos em tempos, oferecemos pesquisas e question\u00e1rios aos usu\u00e1rios para fornecer informa\u00e7\u00f5es interessantes, ferramentas \u00fateis ou para entender melhor nossa base de usu\u00e1rios. Essas pesquisas podem usar cookies para lembrar quem j\u00e1 participou de uma pesquisa ou para fornecer resultados precisos depois que voc\u00ea mudar de p\u00e1gina.<\/li>\n\n\n\n<li>Cookies relacionados a formul\u00e1rios<br>Ao enviar dados por meio de um formul\u00e1rio, como os encontrados em p\u00e1ginas de contato ou formul\u00e1rios de coment\u00e1rios, cookies podem ser definidos para lembrar seus dados de usu\u00e1rio para correspond\u00eancias futuras.<\/li>\n\n\n\n<li>Cookies de prefer\u00eancias do site<br>Para lhe proporcionar uma \u00f3tima experi\u00eancia neste site, oferecemos a funcionalidade de definir suas prefer\u00eancias de uso. Para lembrar suas prefer\u00eancias, precisamos usar cookies para que essas informa\u00e7\u00f5es possam ser acessadas sempre que voc\u00ea interagir com uma p\u00e1gina afetada por suas prefer\u00eancias.<\/li>\n<\/ul>\n\n\n\n<h3 class=\"wp-block-heading\">Cookies de terceiros<\/h3>\n\n\n\n<p>Em alguns casos especiais, tamb\u00e9m utilizamos cookies fornecidos por terceiros confi\u00e1veis. A se\u00e7\u00e3o a seguir detalha quais cookies de terceiros voc\u00ea poder\u00e1 encontrar neste site.<\/p>\n\n\n\n<ul>\n<li>Este site utiliza o Google Analytics, uma das solu\u00e7\u00f5es de an\u00e1lise mais populares e confi\u00e1veis da internet, que nos ajuda a entender como voc\u00ea utiliza o site e como podemos melhorar sua experi\u00eancia. Esses cookies podem rastrear informa\u00e7\u00f5es como o tempo que voc\u00ea passa no site e as p\u00e1ginas que voc\u00ea visita, para que possamos continuar produzindo conte\u00fado interessante. Para mais informa\u00e7\u00f5es sobre os cookies do Google Analytics, consulte a p\u00e1gina oficial do Google Analytics.<\/li>\n\n\n\n<li>Utilizamos ferramentas de an\u00e1lise de terceiros para monitorar e medir o uso deste site, de forma a continuarmos produzindo conte\u00fado interessante. Esses cookies podem rastrear informa\u00e7\u00f5es como o tempo que voc\u00ea passa no site ou as p\u00e1ginas que voc\u00ea visita, o que nos ajuda a entender como podemos melhor\u00e1-lo para voc\u00ea.<\/li>\n\n\n\n<li>De tempos em tempos, testamos novos recursos e fazemos pequenas altera\u00e7\u00f5es na forma como o site \u00e9 apresentado. Enquanto ainda estivermos testando novos recursos, esses cookies podem ser usados para garantir que voc\u00ea tenha uma experi\u00eancia consistente no site, ao mesmo tempo que nos ajudam a entender quais otimiza\u00e7\u00f5es nossos usu\u00e1rios mais apreciam.<\/li>\n\n\n\n<li>Como vendemos produtos, \u00e9 importante para n\u00f3s entendermos as estat\u00edsticas sobre quantos visitantes do nosso site realmente fazem uma compra e, portanto, esse \u00e9 o tipo de dado que esses cookies rastreiam. Isso \u00e9 importante para voc\u00ea, pois significa que podemos fazer previs\u00f5es de neg\u00f3cios precisas, o que nos permite monitorar nossos custos de publicidade e de produtos para garantir o melhor pre\u00e7o poss\u00edvel.<\/li>\n\n\n\n<li>Tamb\u00e9m utilizamos bot\u00f5es e\/ou plugins de redes sociais neste site que permitem que voc\u00ea se conecte com sua rede social de diversas maneiras. Para que funcionem, as seguintes redes sociais, incluindo [nome da rede social], instalar\u00e3o cookies por meio do nosso site, que poder\u00e3o ser usados para aprimorar seu perfil no site delas ou contribuir para os dados que elas armazenam para diversos fins, conforme descrito em suas respectivas pol\u00edticas de privacidade.<br><br><\/li>\n\n\n\n<li>Publicidade (Google AdSense) e suas op\u00e7\u00f5es<\/li>\n\n\n\n<li>Este site utiliza o Google AdSense para exibir an\u00fancios. O Google e seus parceiros podem usar cookies ou outras tecnologias para exibir, medir e personalizar an\u00fancios com base nas suas visitas a este e outros sites.<\/li>\n\n\n\n<li>Para saber como o Google usa os dados de sites e apps que utilizam seus servi\u00e7os, acesse:<\/li>\n\n\n\n<li><a href=\"https:\/\/policies.google.com\/technologies\/partner-sites\">https:\/\/policies.google.com\/technologies\/partner-sites<\/a><\/li>\n\n\n\n<li><strong>Desativar an\u00fancios personalizados:<\/strong><\/li>\n\n\n\n<li>Voc\u00ea pode desativar os an\u00fancios personalizados do Google visitando suas configura\u00e7\u00f5es.&nbsp;<strong><a href=\"https:\/\/adssettings.google.com\/\">Configura\u00e7\u00f5es de an\u00fancios (Minha Central de An\u00fancios)<\/a><\/strong>.<\/li>\n\n\n\n<li>Alternativamente, voc\u00ea pode optar por n\u00e3o receber publicidade baseada em interesses de muitos outros fornecedores de an\u00fancios, visitando [link para a p\u00e1gina de op\u00e7\u00f5es de desativa\u00e7\u00e3o de an\u00fancios].&nbsp;<strong><a href=\"https:\/\/www.aboutads.info\/choices\/\">AboutAds.info\/escolhas<\/a><\/strong>.<\/li>\n\n\n\n<li>Observa\u00e7\u00e3o: mesmo se voc\u00ea optar por n\u00e3o participar, ainda ver\u00e1 an\u00fancios, mas eles podem ser menos relevantes para seus interesses.<\/li>\n<\/ul>\n\n\n\n<h2 class=\"wp-block-heading\">Mais informa\u00e7\u00f5es<\/h2>\n\n\n\n<p>Esperamos que isso tenha esclarecido suas d\u00favidas e, como mencionado anteriormente, se houver algo sobre o qual voc\u00ea n\u00e3o tenha certeza se precisa ou n\u00e3o, geralmente \u00e9 mais seguro deixar os cookies ativados, caso interajam com algum dos recursos que voc\u00ea usa em nosso site.<\/p>\n\n\n\n<p>Esta pol\u00edtica entra em vigor a partir de&nbsp;<strong>novembro<\/strong>&nbsp;<strong>2025<\/strong>.<\/p>","protected":false},"excerpt":{"rendered":"<p>Your privacy is important to us. It is\u00a0xpandthevat&#8217;s\u00a0policy to respect your privacy regarding any information we may collect from you across our website,\u00a0xpandthevat, and other sites we own and operate. We only ask for personal information when we truly need it to provide a service to you. We collect it by fair and lawful means, [&hellip;]<\/p>","protected":false},"author":50,"featured_media":0,"parent":0,"menu_order":0,"comment_status":"closed","ping_status":"closed","template":"","meta":{"footnotes":""},"_links":{"self":[{"href":"https:\/\/xpandthevat.com\/pt\/wp-json\/wp\/v2\/pages\/66"}],"collection":[{"href":"https:\/\/xpandthevat.com\/pt\/wp-json\/wp\/v2\/pages"}],"about":[{"href":"https:\/\/xpandthevat.com\/pt\/wp-json\/wp\/v2\/types\/page"}],"author":[{"embeddable":true,"href":"https:\/\/xpandthevat.com\/pt\/wp-json\/wp\/v2\/users\/50"}],"replies":[{"embeddable":true,"href":"https:\/\/xpandthevat.com\/pt\/wp-json\/wp\/v2\/comments?post=66"}],"version-history":[{"count":3,"href":"https:\/\/xpandthevat.com\/pt\/wp-json\/wp\/v2\/pages\/66\/revisions"}],"predecessor-version":[{"id":399,"href":"https:\/\/xpandthevat.com\/pt\/wp-json\/wp\/v2\/pages\/66\/revisions\/399"}],"wp:attachment":[{"href":"https:\/\/xpandthevat.com\/pt\/wp-json\/wp\/v2\/media?parent=66"}],"curies":[{"name":"wp","href":"https:\/\/api.w.org\/{rel}","templated":true}]}}