    {"id":74,"date":"2025-11-07T20:29:41","date_gmt":"2025-11-07T20:29:41","guid":{"rendered":"https:\/\/xpandthevat.com\/?page_id=74"},"modified":"2026-01-18T19:22:41","modified_gmt":"2026-01-18T19:22:41","slug":"contact","status":"publish","type":"page","link":"https:\/\/xpandthevat.com\/fr\/contact\/","title":{"rendered":"Contact"},"content":{"rendered":"<p>Merci de votre visite <strong>XpandTheVat<\/strong>Votre plateforme de confiance pour l&#039;analyse des donn\u00e9es commerciales, la finance et l&#039;innovation intelligente. Nous accordons une grande importance \u00e0 vos messages et sommes \u00e0 votre disposition pour \u00e9changer, collaborer et vous accompagner dans toutes vos questions et id\u00e9es.<\/p>\n\n\n\n<p><strong>Renseignements g\u00e9n\u00e9raux<\/strong><br>Vous avez une question \u00e0 propos de <strong>XpandTheVat<\/strong> Ou souhaitez-vous simplement prendre contact ?<br>Envoyez-nous un e-mail \u00e0 <strong>contact@xpandthevat.com<\/strong><br>Nous prenons plaisir \u00e0 recevoir des nouvelles de nos lecteurs et partenaires et nous vous r\u00e9pondrons dans les plus brefs d\u00e9lais.<\/p>\n\n\n\n<p><strong>Suggestions et contributions de contenu<\/strong><br>Vous avez une id\u00e9e d&#039;article\u00a0? Vous souhaitez partager votre expertise financi\u00e8re ou sugg\u00e9rer un sujet li\u00e9 aux affaires, \u00e0 l&#039;entrepreneuriat ou \u00e0 l&#039;innovation\u00a0?<br>Contactez <strong>contact@xpandthevat.com<\/strong><br>Nous sommes toujours ouverts aux nouvelles perspectives et aux id\u00e9es pertinentes qui aident les professionnels et les lecteurs \u00e0 rester inform\u00e9s et inspir\u00e9s.<\/p>\n\n\n\n<p><strong>Assistance technique<\/strong><br>Si vous rencontrez des probl\u00e8mes avec notre site web ou si vous avez besoin d&#039;aide pour acc\u00e9der \u00e0 notre contenu, n&#039;h\u00e9sitez pas \u00e0 nous contacter. <strong>contact@xpandthevat.com<\/strong><br>Nous sommes l\u00e0 pour garantir votre exp\u00e9rience avec <strong>XpandTheVat<\/strong> est fluide, efficace et fiable.<\/p>\n\n\n\n<p><strong>Restez connect\u00e9s<\/strong><br><strong>XpandTheVat<\/strong> est une plateforme num\u00e9rique con\u00e7ue pour les professionnels et les esprits curieux du monde entier. Bien que nous n&#039;ayons pas de bureaux physiques, nous sommes toujours en ligne, pr\u00eats \u00e0 \u00e9couter, \u00e0 soutenir et \u00e0 \u00e9voluer avec notre communaut\u00e9.<\/p>\n\n\n\n<p>Merci d&#039;avoir fait partie de la <strong>XpandTheVat<\/strong> r\u00e9seau. Nous avons h\u00e2te d&#039;avoir de vos nouvelles !<\/p>\n\n\n\n<p>Cordialement,<br><strong>L&#039;\u00e9quipe XpandTheVat<\/strong><\/p>","protected":false},"excerpt":{"rendered":"<p>Thank you for visiting XpandTheVat, your trusted platform for business insights, finance, and smart innovation. We truly value your messages and are here to connect, collaborate, and support you with any questions or ideas you may have. General InquiriesHave a question about XpandTheVat or simply want to reach out?Email us at contact@xpandthevat.comWe enjoy hearing from [&hellip;]<\/p>","protected":false},"author":50,"featured_media":0,"parent":0,"menu_order":0,"comment_status":"closed","ping_status":"closed","template":"","meta":{"footnotes":""},"_links":{"self":[{"href":"https:\/\/xpandthevat.com\/fr\/wp-json\/wp\/v2\/pages\/74"}],"collection":[{"href":"https:\/\/xpandthevat.com\/fr\/wp-json\/wp\/v2\/pages"}],"about":[{"href":"https:\/\/xpandthevat.com\/fr\/wp-json\/wp\/v2\/types\/page"}],"author":[{"embeddable":true,"href":"https:\/\/xpandthevat.com\/fr\/wp-json\/wp\/v2\/users\/50"}],"replies":[{"embeddable":true,"href":"https:\/\/xpandthevat.com\/fr\/wp-json\/wp\/v2\/comments?post=74"}],"version-history":[{"count":4,"href":"https:\/\/xpandthevat.com\/fr\/wp-json\/wp\/v2\/pages\/74\/revisions"}],"predecessor-version":[{"id":601,"href":"https:\/\/xpandthevat.com\/fr\/wp-json\/wp\/v2\/pages\/74\/revisions\/601"}],"wp:attachment":[{"href":"https:\/\/xpandthevat.com\/fr\/wp-json\/wp\/v2\/media?parent=74"}],"curies":[{"name":"wp","href":"https:\/\/api.w.org\/{rel}","templated":true}]}}