    {"id":74,"date":"2025-11-07T20:29:41","date_gmt":"2025-11-07T20:29:41","guid":{"rendered":"https:\/\/xpandthevat.com\/?page_id=74"},"modified":"2026-01-18T19:22:41","modified_gmt":"2026-01-18T19:22:41","slug":"contact","status":"publish","type":"page","link":"https:\/\/xpandthevat.com\/es\/contact\/","title":{"rendered":"Contacto"},"content":{"rendered":"<p>Gracias por su visita. <strong>XpandTheVat<\/strong>Su plataforma de confianza para obtener informaci\u00f3n empresarial, financiera e innovadora. Valoramos sus mensajes y estamos aqu\u00ed para conectar, colaborar y brindarle apoyo con cualquier pregunta o idea que tenga.<\/p>\n\n\n\n<p><strong>Consultas generales<\/strong><br>\u00bfTienes alguna pregunta sobre...? <strong>XpandTheVat<\/strong> \u00bfO simplemente quieres ponerte en contacto?<br>Env\u00edenos un correo electr\u00f3nico a <strong>contact@xpandthevat.com<\/strong><br>Nos complace recibir noticias de nuestros lectores y socios, y nos pondremos en contacto con usted lo antes posible.<\/p>\n\n\n\n<p><strong>Sugerencias y contribuciones de contenido<\/strong><br>\u00bfTienes alguna idea para un nuevo art\u00edculo? \u00bfQuieres compartir tus conocimientos financieros o sugerir un tema relacionado con los negocios, el emprendimiento o la innovaci\u00f3n?<br>Ponte en contacto con <strong>contact@xpandthevat.com<\/strong><br>Siempre estamos abiertos a nuevas perspectivas e ideas valiosas que ayuden a profesionales y lectores a mantenerse informados e inspirados.<\/p>\n\n\n\n<p><strong>Apoyo t\u00e9cnico<\/strong><br>Si experimenta alg\u00fan problema con nuestro sitio web o necesita ayuda para acceder a nuestro contenido, no dude en ponerse en contacto con nosotros. <strong>contact@xpandthevat.com<\/strong><br>Estamos aqu\u00ed para garantizar su experiencia con <strong>XpandTheVat<\/strong> Es fluido, eficiente y fiable.<\/p>\n\n\n\n<p><strong>Mantente conectado<\/strong><br><strong>XpandTheVat<\/strong> Es una plataforma digital dise\u00f1ada para profesionales y personas curiosas de todo el mundo. Aunque no contamos con una oficina f\u00edsica, estamos siempre en l\u00ednea, listos para escuchar, brindar apoyo y crecer junto a nuestra comunidad.<\/p>\n\n\n\n<p>Gracias por formar parte de la <strong>XpandTheVat<\/strong> red. \u00a1Esperamos tener noticias suyas!<\/p>\n\n\n\n<p>Un cordial saludo,<br><strong>El equipo de XpandTheVat<\/strong><\/p>","protected":false},"excerpt":{"rendered":"<p>Thank you for visiting XpandTheVat, your trusted platform for business insights, finance, and smart innovation. We truly value your messages and are here to connect, collaborate, and support you with any questions or ideas you may have. General InquiriesHave a question about XpandTheVat or simply want to reach out?Email us at contact@xpandthevat.comWe enjoy hearing from [&hellip;]<\/p>","protected":false},"author":50,"featured_media":0,"parent":0,"menu_order":0,"comment_status":"closed","ping_status":"closed","template":"","meta":{"footnotes":""},"_links":{"self":[{"href":"https:\/\/xpandthevat.com\/es\/wp-json\/wp\/v2\/pages\/74"}],"collection":[{"href":"https:\/\/xpandthevat.com\/es\/wp-json\/wp\/v2\/pages"}],"about":[{"href":"https:\/\/xpandthevat.com\/es\/wp-json\/wp\/v2\/types\/page"}],"author":[{"embeddable":true,"href":"https:\/\/xpandthevat.com\/es\/wp-json\/wp\/v2\/users\/50"}],"replies":[{"embeddable":true,"href":"https:\/\/xpandthevat.com\/es\/wp-json\/wp\/v2\/comments?post=74"}],"version-history":[{"count":4,"href":"https:\/\/xpandthevat.com\/es\/wp-json\/wp\/v2\/pages\/74\/revisions"}],"predecessor-version":[{"id":601,"href":"https:\/\/xpandthevat.com\/es\/wp-json\/wp\/v2\/pages\/74\/revisions\/601"}],"wp:attachment":[{"href":"https:\/\/xpandthevat.com\/es\/wp-json\/wp\/v2\/media?parent=74"}],"curies":[{"name":"wp","href":"https:\/\/api.w.org\/{rel}","templated":true}]}}